{"id":716,"date":"2023-03-14T15:58:44","date_gmt":"2023-03-14T15:58:44","guid":{"rendered":"https:\/\/gs-kieselbach.de\/?page_id=716"},"modified":"2025-04-21T07:44:53","modified_gmt":"2025-04-21T07:44:53","slug":"das-ist-uns-wichtig","status":"publish","type":"page","link":"https:\/\/gs-kieselbach.de\/?page_id=716","title":{"rendered":"Das ist uns wichtig"},"content":{"rendered":"\n<p class=\"has-luminous-vivid-amber-color has-very-light-gray-to-cyan-bluish-gray-gradient-background has-text-color has-background has-link-color wp-elements-dcb000a50b887323d3616cf53b36cfe8\"><strong><span style=\"text-decoration: underline\" class=\"underline\">Hausordnung der Grundschule \u201eAm Kieselbach\u201c<\/span><\/strong><\/p>\n\n\n\n<p>Unsere Hausordnung soll die Grundlage f\u00fcr ein friedliches Zusammenleben und erfolgreiches Lernen sein.<\/p>\n\n\n\n<p>Der gute Ruf einer Schule ist heute wichtiger denn je, und zu ihm tragen nicht nur deine Leistungen bei, sondern auch und besonders dein Verhalten innerhalb und au\u00dferhalb der Schulgemeinschaft.<\/p>\n\n\n\n<p><strong>Das ist uns generell wichtig!<\/strong><\/p>\n\n\n\n<ul class=\"wp-block-list\">\n<li>Ich werde, au\u00dfer ich bin Fr\u00fchhortkind, ab 7.25 Uhr betreut.<\/li>\n\n\n\n<li>Als Fahrsch\u00fcler benutze ich den direkten Zugang zum Schulgrundst\u00fcck und suche sofort nach Ankunft zuerst die Garderobe und dann meinen Klassenraum auf.<\/li>\n\n\n\n<li>Ich komme p\u00fcnktlich und bin bis 7.30 Uhr an meinem Arbeitsplatz.<\/li>\n\n\n\n<li>Ich gr\u00fc\u00dfe, bin freundlich und hilfsbereit.<\/li>\n\n\n\n<li>Ich sage bitte und danke.<\/li>\n<\/ul>\n\n\n\n<figure class=\"wp-block-image size-full\"><img loading=\"lazy\" decoding=\"async\" width=\"151\" height=\"142\" src=\"https:\/\/gs-kieselbach.de\/wp-content\/uploads\/2023\/03\/grafik.png\" alt=\"\" class=\"wp-image-718\"\/><\/figure>\n\n\n\n<p><strong>Verhalten im Schulhaus<\/strong><\/p>\n\n\n\n<ul class=\"wp-block-list\">\n<li>Im Schulhaus gehe ich langsam und leise.<\/li>\n\n\n\n<li>Meine Jacke h\u00e4nge ich an die Garderobe, meinen Turnbeutel an den entsprechenden Haken und ich ziehe im Schulhaus meine Hausschuhe an.<\/li>\n\n\n\n<li>Ich bereite mich auf den Unterricht vor.<\/li>\n\n\n\n<li>Die Toilette ist kein Spielplatz und ich hinterlasse sie sauber.<\/li>\n\n\n\n<li>Ich wasche mir regelm\u00e4\u00dfig die H\u00e4nde, insbesondere nach dem Toilettengang.<\/li>\n\n\n\n<li>Auch bin ich f\u00fcr die Sauberkeit im Schulhaus und auf dem Schulgel\u00e4nde mitverantwortlich.<\/li>\n\n\n\n<li>Ich achte das Eigentum anderer, darf nichts wegnehmen und vor allem auch nicht kaputt machen.<\/li>\n\n\n\n<li>Verlorene und gefundene Sachen melde ich im Sekretariat.<\/li>\n\n\n\n<li>Ich fr\u00fchst\u00fccke an meinem Platz.<\/li>\n\n\n\n<li>Meinen Abfall werfe ich in die richtigen Beh\u00e4lter.<\/li>\n<\/ul>\n\n\n\n<p><strong>Verhalten im Unterricht<\/strong><\/p>\n\n\n\n<ul class=\"wp-block-list\">\n<li>Ich halte meinen Arbeitsplatz sauber und r\u00e4ume regelm\u00e4\u00dfig auf.<\/li>\n\n\n\n<li>Ich halte mich an Gespr\u00e4chsregeln<ul><li>Ich spreche in ganzen S\u00e4tzen!<\/li><\/ul><ul><li>Ich melde mich leise!<\/li><\/ul><ul><li>Ich h\u00f6re gut zu!<\/li><\/ul>\n<ul class=\"wp-block-list\">\n<li>Ich lache niemanden aus!<\/li>\n<\/ul>\n<\/li>\n<\/ul>\n\n\n<div class=\"wp-block-image\">\n<figure class=\"alignright size-full\"><img loading=\"lazy\" decoding=\"async\" width=\"73\" height=\"93\" src=\"https:\/\/gs-kieselbach.de\/wp-content\/uploads\/2023\/03\/grafik-1.png\" alt=\"\" class=\"wp-image-720\"\/><\/figure>\n<\/div>\n\n\n<ul class=\"wp-block-list\">\n<li>Ich arbeite auch w\u00e4hrend Stillarbeitszeiten leise und konzentriert.<\/li>\n\n\n\n<li>Ich verhalte mich beim Stundenwechsel ruhig, bleibe am Platz und bereite mich auf die n\u00e4chste Stunde vor.<\/li>\n\n\n\n<li>Ich habe in der Pause und beim Stundenwechsel Zeit, um auf die Toilette zu gehen.<\/li>\n\n\n\n<li>Ich trinke in der Pause, beim Stundenwechsel und bei Stillarbeit. Die Flasche geh\u00f6rt aber nicht auf den Tisch!<\/li>\n\n\n\n<li>Unterrichtsfremde Gegenst\u00e4nde nehme ich nicht mit in die Schule.<\/li>\n\n\n\n<li>Handy, smartwach, Computerspiele, Spielzeug, Zeitschriften, Karten&#8230;usw. werden bei Benutzung im Unterricht oder w\u00e4hrend der Betreuungszeit abgenommen. Diese Dinge sollten zu Hause bleiben. Werden sie dennoch mitgebracht, geschieht dies in Eigenverantwortung und es k\u00f6nnen bei Verlust oder Defekt keine Anspr\u00fcche gestellt werden. Handys und smartwatches verbleiben ausgeschaltet im Ranzen.<\/li>\n<\/ul>\n\n\n\n<p><strong>Verhalten in der Hofpause\/ w\u00e4hrend der Spielzeit im Freien<\/strong><\/p>\n\n\n\n<ul class=\"wp-block-list\">\n<li>In den Hofpausen halte ich mich auf dem Schulhof auf.<\/li>\n\n\n\n<li>Spielger\u00e4te bringe ich am Ende der Pause oder Spielzeit wieder zur\u00fcck in die Aufbewahrung.<\/li>\n\n\n\n<li>Wenn es zum Ende der Hofpause klingelt, trete ich an.<\/li>\n\n\n\n<li>Der Aufenthalt hinter dem Haus, hinter den Garagen, in den Schulh\u00e4usern sowie auf den Treppen ist verboten.<\/li>\n\n\n\n<li>Das Schulgel\u00e4nde darf ich nur mit Erlaubnis verlassen.<\/li>\n\n\n\n<li>Ich darf nicht mit dem Fahrrad auf dem Schulgel\u00e4nde fahren.<\/li>\n\n\n\n<li>Ich werfe nicht mit Steinen. Diese bleiben liegen wo sie hingeh\u00f6ren.<\/li>\n<\/ul>\n\n\n\n<p><strong>Verhalten in der Regenpause<\/strong><\/p>\n\n\n\n<ul class=\"wp-block-list\">\n<li>In der Regenpause bleibe ich im Klassenzimmer.<\/li>\n\n\n\n<li>Die Klassent\u00fcren bleiben offen.<\/li>\n\n\n\n<li>Ich beachte die Klassenregeln.<\/li>\n<\/ul>\n\n\n\n<p><strong>Verhalten w\u00e4hrend des Mittagessens<\/strong><\/p>\n\n\n\n<p>Ich trete leise und ohne andere zu schubsen an.<\/p>\n\n\n\n<p>Ich esse ordentlich und verlasse den Essplatz sauber. Beim Essen unterhalte ich mich nicht.<\/p>\n\n\n\n<p><strong>Diese allgemeinen Verhaltensweisen sind uns auch sehr wichtig:<\/strong><\/p>\n\n\n\n<p>Alle Kinder und Erwachsenen gehen respektvoll miteinander um. Wir grenzen keinen aus und handeln nach der goldenen Regel:&nbsp; &#8222;Was du nicht willst, das man dir tu, das f\u00fcg auch keinem anderen zu&#8220;.&nbsp; Dabei gehen alle Erwachsenen und Sch\u00fclersprecher\/innen mit gutem Beispiel voran.<strong><\/strong><\/p>\n\n\n\n<p><strong>Von den Eltern w\u00fcnschen wir uns:<\/strong><\/p>\n\n\n\n<p>Wir w\u00fcnschen uns eine aktive Beteiligung der Eltern am Schulleben.<\/p>\n\n\n\n<p>Versp\u00e4tungen und Vers\u00e4umnisse werden vor Unterrichtsbeginn der Schule mitgeteilt.<\/p>\n\n\n\n<p>Eltern benutzen die vorgesehenen Parkpl\u00e4tze zum Bringen und Abholen ihrer Kinder.<\/p>\n\n\n\n<p>Eltern begleiten ihre Kinder nur im Ausnahmefall ins Schulhaus.<\/p>\n\n\n\n<p>Die Zufahrt zur Schule darf nicht befahren und blockiert werden.<\/p>\n\n\n\n<p>Die aktuell g\u00fcltigen Hygienema\u00dfnahmen und Zutrittsbeschr\u00e4nkungen m\u00fcssen eingehalten werden.<\/p>\n\n\n\n<p>Der Zutritt zur Schule w\u00e4hrend der Unterrichtszeit ist aus Sicherheitsgr\u00fcnden nur den Sch\u00fclern, Lehrern und Angestellten gestattet. Ausnahmen bilden Notf\u00e4lle, besondere Veranstaltungen und Termine (Sprechstunden), die mit Lehrern oder Schulleitung vereinbart wurden.<\/p>\n\n\n<style>.wp-block-kadence-spacer.kt-block-spacer-716_c0060d-95 .kt-block-spacer{height:60px;}.wp-block-kadence-spacer.kt-block-spacer-716_c0060d-95 .kt-divider{border-top-width:1px;height:1px;border-top-color:#eee;width:80%;border-top-style:solid;}<\/style>\n<div class=\"wp-block-kadence-spacer aligncenter kt-block-spacer-716_c0060d-95\"><div class=\"kt-block-spacer kt-block-spacer-halign-center\"><hr class=\"kt-divider\"\/><\/div><\/div>\n\n\n\n<h2 class=\"wp-block-heading has-luminous-vivid-amber-color has-very-light-gray-to-cyan-bluish-gray-gradient-background has-text-color has-background has-link-color wp-elements-0a776ddfeccec52463b7f45a6b3a9b4d\">Der sichere Schulweg<\/h2>\n\n\n\n<p><a href=\"https:\/\/www.c-and-a.com\/de\/de\/shop\/sicherer-schulweg-informationen-fuer-kinder-und-eltern\">https:\/\/www.c-and-a.com\/de\/de\/shop\/sicherer-schulweg-informationen-fuer-kinder-und-eltern<\/a><\/p>\n\n\n\n<p>Unter dem obenstehenden Link erhalten sie Informationen f\u00fcr den sicheren Schulweg Ihrer Kinder. <\/p>\n\n\n\n<p><\/p>\n","protected":false},"excerpt":{"rendered":"<p>Hausordnung der Grundschule \u201eAm Kieselbach\u201c Unsere Hausordnung soll die Grundlage f\u00fcr ein friedliches Zusammenleben und erfolgreiches Lernen sein. Der gute Ruf einer Schule ist heute wichtiger denn je, und zu ihm tragen nicht nur deine Leistungen bei, sondern auch und besonders dein Verhalten innerhalb und&nbsp;&hellip;<\/p>\n","protected":false},"author":2,"featured_media":0,"parent":0,"menu_order":0,"comment_status":"closed","ping_status":"closed","template":"","meta":{"footnotes":""},"class_list":["post-716","page","type-page","status-publish","hentry"],"_links":{"self":[{"href":"https:\/\/gs-kieselbach.de\/index.php?rest_route=\/wp\/v2\/pages\/716","targetHints":{"allow":["GET"]}}],"collection":[{"href":"https:\/\/gs-kieselbach.de\/index.php?rest_route=\/wp\/v2\/pages"}],"about":[{"href":"https:\/\/gs-kieselbach.de\/index.php?rest_route=\/wp\/v2\/types\/page"}],"author":[{"embeddable":true,"href":"https:\/\/gs-kieselbach.de\/index.php?rest_route=\/wp\/v2\/users\/2"}],"replies":[{"embeddable":true,"href":"https:\/\/gs-kieselbach.de\/index.php?rest_route=%2Fwp%2Fv2%2Fcomments&post=716"}],"version-history":[{"count":7,"href":"https:\/\/gs-kieselbach.de\/index.php?rest_route=\/wp\/v2\/pages\/716\/revisions"}],"predecessor-version":[{"id":1693,"href":"https:\/\/gs-kieselbach.de\/index.php?rest_route=\/wp\/v2\/pages\/716\/revisions\/1693"}],"wp:attachment":[{"href":"https:\/\/gs-kieselbach.de\/index.php?rest_route=%2Fwp%2Fv2%2Fmedia&parent=716"}],"curies":[{"name":"wp","href":"https:\/\/api.w.org\/{rel}","templated":true}]}}