{"id":13,"date":"2021-10-27T12:30:59","date_gmt":"2021-10-27T12:30:59","guid":{"rendered":"http:\/\/gs-kieselbach.de\/?page_id=13"},"modified":"2026-01-11T16:22:37","modified_gmt":"2026-01-11T16:22:37","slug":"kollegium","status":"publish","type":"page","link":"https:\/\/gs-kieselbach.de\/?page_id=13","title":{"rendered":"Team der Grundschule"},"content":{"rendered":"\n<p><\/p>\n\n\n\n<figure class=\"wp-block-image size-full\"><img loading=\"lazy\" decoding=\"async\" width=\"2560\" height=\"1707\" src=\"https:\/\/gs-kieselbach.de\/wp-content\/uploads\/2024\/01\/MG_8944-Kopie-3-scaled.jpg\" alt=\"\" class=\"wp-image-1223\"\/><\/figure>\n\n\n<style>.wp-block-kadence-spacer.kt-block-spacer-13_f9b5e4-1a .kt-block-spacer{height:60px;}.wp-block-kadence-spacer.kt-block-spacer-13_f9b5e4-1a .kt-divider{border-top-width:1px;height:1px;border-top-color:#eee;width:80%;border-top-style:solid;}<\/style>\n<div class=\"wp-block-kadence-spacer aligncenter kt-block-spacer-13_f9b5e4-1a\"><div class=\"kt-block-spacer kt-block-spacer-halign-center\"><hr class=\"kt-divider\"\/><\/div><\/div>\n\n\n\n<h2 class=\"wp-block-heading has-vivid-cyan-blue-color has-pale-ocean-gradient-background has-text-color has-background has-link-color wp-elements-4de270816ac9ab6a17ec0de04d3d5d88\">Lehrer:<\/h2>\n\n\n\n<p><mark>Sprechzeiten: Wir bitten Sie f\u00fcr Elterngespr\u00e4che im Vorraus Termine telefonisch oder \u00fcber die schul.cloud zu vereinbaren.<\/mark><\/p>\n\n\n\n<p class=\"has-large-font-size\">Dany Volkert <\/p>\n\n\n\n<p>Schulleiterin<\/p>\n\n\n\n<p><\/p>\n\n\n\n<p>gs.kieselbach.sl@schulen-wak.de<\/p>\n\n\n\n<hr class=\"wp-block-separator has-css-opacity\"\/>\n\n\n\n<p class=\"has-large-font-size\">Anja Br\u00f6cker<\/p>\n\n\n\n<p>Lehrerin mit Schulleitungsaufgaben betraut<\/p>\n\n\n\n<p>Beratungslehrer<\/p>\n\n\n\n<p>anja.broecker@schule.thueringen.de<\/p>\n\n\n\n<hr class=\"wp-block-separator has-alpha-channel-opacity\"\/>\n\n\n\n<p class=\"has-large-font-size\">Lisa Marie Husche<\/p>\n\n\n\n<p>lisa-marie.husche@schule.thueringen.de<\/p>\n\n\n\n<hr class=\"wp-block-separator has-alpha-channel-opacity\"\/>\n\n\n\n<p class=\"has-large-font-size\">Maria Rost<\/p>\n\n\n\n<p>Medienbeauftragte<\/p>\n\n\n\n<p>maria.rost@schule.thueringen.de<\/p>\n\n\n\n<hr class=\"wp-block-separator has-css-opacity\"\/>\n\n\n\n<p class=\"has-large-font-size\">Lisa Rudloff<\/p>\n\n\n\n<p>lisa.rudloff@schule.thueringen.de<\/p>\n\n\n\n<hr class=\"wp-block-separator has-alpha-channel-opacity\"\/>\n\n\n\n<p class=\"has-large-font-size\">Antje Schug<\/p>\n\n\n\n<p>Personalrat<\/p>\n\n\n\n<p>Brandschutz- und Inventarbeauftragte<\/p>\n\n\n\n<p>antje.schug@schule.thueringen.de<\/p>\n\n\n\n<hr class=\"wp-block-separator has-css-opacity\"\/>\n\n\n\n<p class=\"has-large-font-size\">Doreen Zimmermann<\/p>\n\n\n\n<p>Gesundheitsbeauftragte<\/p>\n\n\n\n<p>doreen.zimmermann@schule.thueringen.de<\/p>\n\n\n\n<hr class=\"wp-block-separator has-text-color has-css-opacity has-background is-style-default\" style=\"background-color:#ededa1;color:#ededa1\"\/>\n\n\n\n\n\n<h2 class=\"wp-block-heading has-vivid-cyan-blue-color has-pale-ocean-gradient-background has-text-color has-background has-link-color wp-elements-ca8c931595636a14452dce88032cc5e2\">Erzieher:<\/h2>\n\n\n\n<p>Sprechzeiten: t\u00e4glich- wir bitten um eine telefonische Terminvereinbarung vorher<\/p>\n\n\n\n<p class=\"has-large-font-size\">Peggy Ku\u00dfmann<\/p>\n\n\n\n<p>Hortkoordinatorin<\/p>\n\n\n\n<p><\/p>\n\n\n\n<hr class=\"wp-block-separator has-css-opacity is-style-default\"\/>\n\n\n\n<p class=\"has-large-font-size\">Susanne Spiller<\/p>\n\n\n\n<hr class=\"wp-block-separator has-css-opacity is-style-default\"\/>\n\n\n\n<p class=\"has-large-font-size\">Annett G\u00fcth<\/p>\n\n\n\n<hr class=\"wp-block-separator has-css-opacity is-style-default\"\/>\n\n\n\n<p class=\"has-large-font-size\">Nancy Ritz- Lott<\/p>\n\n\n\n<hr class=\"wp-block-separator has-css-opacity is-style-default\"\/>\n\n\n\n<p class=\"has-large-font-size\">Lisanne Lohse<\/p>\n\n\n\n<p><\/p>\n\n\n\n<hr class=\"wp-block-separator has-text-color has-css-opacity has-background is-style-default\" style=\"background-color:#ededa1;color:#ededa1\"\/>\n\n\n\n<h2 class=\"wp-block-heading has-vivid-cyan-blue-color has-pale-ocean-gradient-background has-text-color has-background has-link-color wp-elements-17ebb4ecb7762382de59ba88c07b3ac0\">Mitarbeiter:<\/h2>\n\n\n\n<p class=\"has-large-font-size\">Antonia Hoyer<\/p>\n\n\n\n<p>Sekret\u00e4rin<\/p>\n\n\n\n<p><strong><mark>Sprechzeiten:<\/mark> <\/strong><\/p>\n\n\n\n<p>t\u00e4glich (au\u00dfer mittwochs) 7.00 Uhr &#8211; 11.00 Uhr<\/p>\n\n\n\n<p>mittwochs: 7.00 Uhr &#8211; 10.00 Uhr<\/p>\n\n\n\n<p>gs.kieselbach@schulen-wak.de<\/p>\n\n\n\n<hr class=\"wp-block-separator has-css-opacity is-style-default\"\/>\n\n\n\n<p class=\"has-large-font-size\">Ronald Benesch<\/p>\n\n\n\n<p>Hausmeister<\/p>\n\n\n\n<h2 class=\"wp-block-heading has-vivid-cyan-blue-color has-pale-ocean-gradient-background has-text-color has-background has-link-color wp-elements-7cd7974314e7134345eca6a19b8f53d5\">Unterst\u00fctzer:<\/h2>\n\n\n\n<figure class=\"wp-block-image size-large\"><img loading=\"lazy\" decoding=\"async\" width=\"692\" height=\"1024\" src=\"https:\/\/gs-kieselbach.de\/wp-content\/uploads\/2025\/11\/CamScanner-05.11.2025-16.44_MEDIUM-1-692x1024.jpg\" alt=\"\" class=\"wp-image-1909\" srcset=\"https:\/\/gs-kieselbach.de\/wp-content\/uploads\/2025\/11\/CamScanner-05.11.2025-16.44_MEDIUM-1-692x1024.jpg 692w, https:\/\/gs-kieselbach.de\/wp-content\/uploads\/2025\/11\/CamScanner-05.11.2025-16.44_MEDIUM-1-203x300.jpg 203w, https:\/\/gs-kieselbach.de\/wp-content\/uploads\/2025\/11\/CamScanner-05.11.2025-16.44_MEDIUM-1-768x1137.jpg 768w, https:\/\/gs-kieselbach.de\/wp-content\/uploads\/2025\/11\/CamScanner-05.11.2025-16.44_MEDIUM-1-1037x1536.jpg 1037w, https:\/\/gs-kieselbach.de\/wp-content\/uploads\/2025\/11\/CamScanner-05.11.2025-16.44_MEDIUM-1.jpg 1076w\" sizes=\"auto, (max-width: 692px) 100vw, 692px\" \/><\/figure>\n","protected":false},"excerpt":{"rendered":"<p>Lehrer: Sprechzeiten: Wir bitten Sie f\u00fcr Elterngespr\u00e4che im Vorraus Termine telefonisch oder \u00fcber die schul.cloud zu vereinbaren. Dany Volkert Schulleiterin gs.kieselbach.sl@schulen-wak.de Anja Br\u00f6cker Lehrerin mit Schulleitungsaufgaben betraut Beratungslehrer anja.broecker@schule.thueringen.de Lisa Marie Husche lisa-marie.husche@schule.thueringen.de Maria Rost Medienbeauftragte maria.rost@schule.thueringen.de Lisa Rudloff lisa.rudloff@schule.thueringen.de Antje Schug Personalrat Brandschutz- und&nbsp;&hellip;<\/p>\n","protected":false},"author":2,"featured_media":0,"parent":0,"menu_order":0,"comment_status":"closed","ping_status":"closed","template":"","meta":{"footnotes":""},"class_list":["post-13","page","type-page","status-publish","hentry"],"_links":{"self":[{"href":"https:\/\/gs-kieselbach.de\/index.php?rest_route=\/wp\/v2\/pages\/13","targetHints":{"allow":["GET"]}}],"collection":[{"href":"https:\/\/gs-kieselbach.de\/index.php?rest_route=\/wp\/v2\/pages"}],"about":[{"href":"https:\/\/gs-kieselbach.de\/index.php?rest_route=\/wp\/v2\/types\/page"}],"author":[{"embeddable":true,"href":"https:\/\/gs-kieselbach.de\/index.php?rest_route=\/wp\/v2\/users\/2"}],"replies":[{"embeddable":true,"href":"https:\/\/gs-kieselbach.de\/index.php?rest_route=%2Fwp%2Fv2%2Fcomments&post=13"}],"version-history":[{"count":58,"href":"https:\/\/gs-kieselbach.de\/index.php?rest_route=\/wp\/v2\/pages\/13\/revisions"}],"predecessor-version":[{"id":1972,"href":"https:\/\/gs-kieselbach.de\/index.php?rest_route=\/wp\/v2\/pages\/13\/revisions\/1972"}],"wp:attachment":[{"href":"https:\/\/gs-kieselbach.de\/index.php?rest_route=%2Fwp%2Fv2%2Fmedia&parent=13"}],"curies":[{"name":"wp","href":"https:\/\/api.w.org\/{rel}","templated":true}]}}